{"id":855,"date":"2018-12-20T11:35:07","date_gmt":"2018-12-20T11:35:07","guid":{"rendered":"http:\/\/exp.radioclasica.com.sv\/wordpress\/home\/"},"modified":"2026-03-31T13:26:27","modified_gmt":"2026-03-31T13:26:27","slug":"home","status":"publish","type":"page","link":"https:\/\/www.radioupa.com.sv\/","title":{"rendered":"UPA, la radio que crece contigo"},"content":{"rendered":"\n<div class=\"wp-block-group\"><div class=\"wp-block-group__inner-container is-layout-flow wp-block-group-is-layout-flow\">\n<div class=\"wp-block-cover aligncenter has-parallax\" style=\"min-height:426px;aspect-ratio:unset;\"><div class=\"wp-block-cover__image-background wp-image-2941 size-full has-parallax\" style=\"background-position:50% 50%;background-image:url(https:\/\/www.radioupa.com.sv\/wp-content\/uploads\/2026\/03\/BACKGROUND-3.png)\"><\/div><span aria-hidden=\"true\" class=\"wp-block-cover__background has-light-green-cyan-background-color has-background-dim-0 has-background-dim\"><\/span><div class=\"wp-block-cover__inner-container is-layout-flow wp-block-cover-is-layout-flow\">\n<h2 class=\"wp-block-heading has-text-align-center\"><strong><br><strong>Contenido educativo que despierta la curiosidad y el pensamiento<\/strong><\/strong><\/h2>\n\n\n\n<div class=\"wp-block-group\"><div class=\"wp-block-group__inner-container is-layout-constrained wp-block-group-is-layout-constrained\">\n<div class=\"wp-block-group is-content-justification-center is-nowrap is-layout-flex wp-container-core-group-is-layout-94bc23d7 wp-block-group-is-layout-flex\">\n<p class=\"has-text-align-center\"><strong>RADIO EN LINEA<\/strong><\/p>\n<\/div>\n\n\n\n<div class=\"wp-block-group is-content-justification-center is-nowrap is-layout-flex wp-container-core-group-is-layout-94bc23d7 wp-block-group-is-layout-flex\"><div class=\"radio_player\" data-player-type=\"shortcode\"data-data=\"eyJpZCI6MSwidGl0bGUiOiJQbGF5ZXIgVGl0bGUiLCJzdGlja3kiOmZhbHNlLCJzdGF0dXMiOnRydWUsInNraW4iOiJza2luMyIsInN0YXRpb25zIjpbeyJ0aXRsZSI6IlJhZGlvIFVQQSIsInN0cmVhbSI6Imh0dHBzOlwvXC9zdHJlYW1pbmcubXVuZG9jbGFzaWNhdXBhLmNvbVwvcmFkaW91cGEiLCJ0aHVtYm5haWwiOiIifV0sInBvcHVwX2ljb24iOmZhbHNlLCJwbGF5bGlzdF9pY29uIjpmYWxzZSwiaGlzdG9yeV9pY29uIjpmYWxzZSwidm9sdW1lX2NvbnRyb2wiOnRydWUsInBsYXllcl9zdGF0dXMiOnRydWUsInNob3dfYXJ0aXN0IjpmYWxzZSwic2hvd19hcnR3b3JrIjpmYWxzZSwicGxheWVyX3RleHQiOiJMaXN0ZW4gTGl2ZSIsIndpZHRoIjozMDAsIndpZHRoX21vYmlsZSI6MzAwLCJib3JkZXJfcmFkaXVzIjo1LCJiZ19jb2xvciI6IiNmNGY3ZjkiLCJiZ19pbWFnZSI6Imh0dHBzOlwvXC93d3cucmFkaW91cGEuY29tLnN2XC93b3JkcHJlc3NcL3dwLWNvbnRlbnRcL3BsdWdpbnNcL3JhZGlvLXBsYXllclwvYXNzZXRzXC9pbWFnZXNcL3BsYXllci1iZy5wbmciLCJiZ190eXBlIjoiY29sb3IiLCJjb2xvcl90eXBlIjoic29saWQiLCJ0ZXh0X2NvbG9yIjoiIzVDNjM3RSIsImJveF9zaGFkb3ciOmZhbHNlLCJib3hfc2hhZG93X2giOjAsImJveF9zaGFkb3dfdiI6MCwiYm94X3NoYWRvd19ibHVyIjowLCJib3hfc2hhZG93X3NwcmVhZCI6MCwiYm94X3NoYWRvd19jb2xvciI6InJnYmEoMCwgMCwgMCwgLjUpIiwiYm94X3NoYWRvd190eXBlIjoiIn0=\"><\/div>\n<\/div>\n<\/div><\/div>\n<\/div><\/div>\n<\/div><\/div>\n\n\n\n<div class=\"wp-block-group bloque-contenido-pagina\"><div class=\"wp-block-group__inner-container is-layout-constrained wp-block-group-is-layout-constrained\">\n<h2 class=\"wp-block-heading\"><strong>M\u00e1s de 30 a\u00f1os creando contenido para la ni\u00f1ez<\/strong><\/h2>\n\n\n\n<p>UPA naci\u00f3 el 19 de mayo de 1991 como una de las primeras radios en Am\u00e9rica Latina dedicadas a la ni\u00f1ez.<br>Desde entonces, hemos acompa\u00f1ado a generaciones de ni\u00f1os, ni\u00f1as y familias a trav\u00e9s de contenidos educativos, culturales y de entretenimiento, adapt\u00e1ndonos a cada nueva etapa de la comunicaci\u00f3n.<br>Hoy, UPA evoluciona hacia nuevos formatos digitales para seguir cumpliendo su misi\u00f3n en un entorno cambiante.<\/p>\n\n\n\n<div class=\"wp-block-buttons is-layout-flex wp-block-buttons-is-layout-flex\">\n<div class=\"wp-block-button is-style-fill\"><a class=\"wp-block-button__link has-white-color has-text-color has-background wp-element-button\" href=\"https:\/\/www.radioupa.com.sv\/wordpress\/quienes-somos\/\" style=\"border-radius:11px;background-color:#2092d0\" rel=\"\">M\u00e1s aqu\u00ed<\/a><\/div>\n<\/div>\n\n\n\n<h2 class=\"wp-block-heading\">Principales Areas de Acci\u00f3n<\/h2>\n\n\n\n<div class=\"wp-block-columns is-layout-flex wp-container-core-columns-is-layout-9d6595d7 wp-block-columns-is-layout-flex\">\n<div class=\"wp-block-column is-layout-flow wp-block-column-is-layout-flow\">\n<h3 class=\"wp-block-heading\"><strong>Participaci\u00f3n infantil<\/strong><\/h3>\n\n\n<p class=\"fonts-plugin-block\" style=\"font-weight: normal;\">Damos espacio a ni\u00f1os y ni\u00f1as para expresarse, crear y compartir sus ideas.<\/p><\/div>\n\n\n\n<div class=\"wp-block-column is-layout-flow wp-block-column-is-layout-flow\">\n<h3 class=\"wp-block-heading\"><strong>Comunicaci\u00f3n para la ni\u00f1ez<\/strong><\/h3>\n\n\n<p class=\"fonts-plugin-block\" style=\"font-weight: normal;\">Producimos contenidos y campa\u00f1as para instituciones que trabajan con ni\u00f1os y familias.<\/p><\/div>\n\n\n\n<div class=\"wp-block-column is-layout-flow wp-block-column-is-layout-flow\">\n<h3 class=\"wp-block-heading\"><strong>Valores familiares<\/strong><\/h3>\n\n\n<p class=\"fonts-plugin-block\" style=\"font-weight: normal;\">Fomentamos el respeto, la empat\u00eda y la vida en comunidad a trav\u00e9s del contenido.<\/p><\/div>\n<\/div>\n\n\n\n<div class=\"wp-block-columns is-layout-flex wp-container-core-columns-is-layout-9d6595d7 wp-block-columns-is-layout-flex\">\n<div class=\"wp-block-column is-layout-flow wp-block-column-is-layout-flow\">\n<h3 class=\"wp-block-heading\"><strong>Educaci\u00f3n<\/strong><\/h3>\n\n\n<p class=\"fonts-plugin-block\" style=\"font-weight: normal;\">Creamos contenidos que despiertan la curiosidad y acompa\u00f1an el proceso de aprendizaje.<\/p><\/div>\n\n\n\n<div class=\"wp-block-column is-layout-flow wp-block-column-is-layout-flow\">\n<h3 class=\"wp-block-heading\"><strong>Cuidado Animal<\/strong><\/h3>\n\n\n<p class=\"fonts-plugin-block\" style=\"font-weight: normal;\">La interacci\u00f3n de los ni\u00f1os y de las ni\u00f1as con sus mascotas es importante. Es a partir de esta que ense\u00f1amos a valorar todas las manifestaciones de vida y aprender a cuidar de los seres vulnerables.<\/p><\/div>\n\n\n\n<div class=\"wp-block-column is-layout-flow wp-block-column-is-layout-flow\">\n<h3 class=\"wp-block-heading\"><strong>Cultura y Creatividad<\/strong><\/h3>\n\n\n<p class=\"fonts-plugin-block\" style=\"font-weight: normal;\">Acercamos a ni\u00f1os y j\u00f3venes al arte, la m\u00fasica y la identidad cultural.<\/p><\/div>\n<\/div>\n<\/div><\/div>\n\n\n\n<div class=\"wp-block-group bloque-contenido-pagina\"><div class=\"wp-block-group__inner-container is-layout-constrained wp-block-group-is-layout-constrained\">\n<h2 class=\"wp-block-heading\"><strong>Instituciones y organizaciones con las que hemos trabajado<\/strong><\/h2>\n\n\n\n<p><strong>Durante m\u00e1s de 30 a\u00f1os, hemos colaborado con organizaciones comprometidas con la ni\u00f1ez, la educaci\u00f3n y la cultura.<\/strong><\/p>\n\n\n\n<div class=\"logo-marquee\">\n  <div class=\"logo-track\">\n    <img decoding=\"async\" src=\"https:\/\/www.radioupa.com.sv\/wp-content\/uploads\/2026\/03\/URL-LOGO-1-GRIS.png\" alt=\"Logo 1\">\n    <img decoding=\"async\" src=\"https:\/\/www.radioupa.com.sv\/wp-content\/uploads\/2026\/03\/URL-LOGO-2-GRIS.png\" alt=\"Logo 2\">\n    <img decoding=\"async\" src=\"https:\/\/www.radioupa.com.sv\/wp-content\/uploads\/2026\/03\/URL-LOGO-3-GRIS.png\" alt=\"Logo 3\">\n    <img decoding=\"async\" src=\"https:\/\/www.radioupa.com.sv\/wp-content\/uploads\/2026\/03\/URL-LOGO-4-GRIS.png\" alt=\"Logo 4\">\n    <img decoding=\"async\" src=\"https:\/\/www.radioupa.com.sv\/wp-content\/uploads\/2026\/03\/URL-LOGO-5-GRIS.png\" alt=\"Logo 5\">\n    <img decoding=\"async\" src=\"https:\/\/www.radioupa.com.sv\/wp-content\/uploads\/2026\/03\/URL-LOGO-6-GRIS.png\" alt=\"Logo 6\">\n    <img decoding=\"async\" src=\"https:\/\/www.radioupa.com.sv\/wp-content\/uploads\/2026\/03\/URL-LOGO-7-GRIS.png\" alt=\"Logo 7\">\n    <img decoding=\"async\" src=\"https:\/\/www.radioupa.com.sv\/wp-content\/uploads\/2026\/03\/URL-LOGO-8-GRIS.png\" alt=\"Logo 8\">\n\n    <img decoding=\"async\" src=\"https:\/\/www.radioupa.com.sv\/wp-content\/uploads\/2026\/03\/URL-LOGO-1-GRIS.png\" alt=\"Logo 1 duplicado\">\n    <img decoding=\"async\" src=\"https:\/\/www.radioupa.com.sv\/wp-content\/uploads\/2026\/03\/URL-LOGO-2-GRIS.png\" alt=\"Logo 2 duplicado\">\n    <img decoding=\"async\" src=\"https:\/\/www.radioupa.com.sv\/wp-content\/uploads\/2026\/03\/URL-LOGO-3-GRIS.png\" alt=\"Logo 3 duplicado\">\n    <img decoding=\"async\" src=\"https:\/\/www.radioupa.com.sv\/wp-content\/uploads\/2026\/03\/URL-LOGO-4-GRIS.png\" alt=\"Logo 4 duplicado\">\n    <img decoding=\"async\" src=\"https:\/\/www.radioupa.com.sv\/wp-content\/uploads\/2026\/03\/URL-LOGO-5-GRIS.png\" alt=\"Logo 5 duplicado\">\n    <img decoding=\"async\" src=\"https:\/\/www.radioupa.com.sv\/wp-content\/uploads\/2026\/03\/URL-LOGO-6-GRIS.png\" alt=\"Logo 6 duplicado\">\n    <img decoding=\"async\" src=\"https:\/\/www.radioupa.com.sv\/wp-content\/uploads\/2026\/03\/URL-LOGO-7-GRIS.png\" alt=\"Logo 7 duplicado\">\n    <img decoding=\"async\" src=\"https:\/\/www.radioupa.com.sv\/wp-content\/uploads\/2026\/03\/URL-LOGO-8-GRIS.png\" alt=\"Logo 8 duplicado\">\n  <\/div>\n<\/div>\n\n\n\n<h2 class=\"wp-block-heading\"><strong>C\u00f3mo podemos colaborar<\/strong><\/h2>\n\n\n\n<p><br>Desarrollamos contenidos, formatos y experiencias educativas para instituciones, organizaciones y empresas que trabajan con ni\u00f1ez, cultura y comunicaci\u00f3n.<\/p>\n\n\n\n<h3 class=\"wp-block-heading\"><strong>Producci\u00f3n de contenido educativo<\/strong><\/h3>\n\n\n\n<p>Gui\u00f3n, locuci\u00f3n, edici\u00f3n y adaptaci\u00f3n de contenidos para radio, digital y redes sociales.<\/p>\n\n\n\n<h3 class=\"wp-block-heading\"><strong>Capacitaciones en comunicaci\u00f3n para la ni\u00f1ez<\/strong><\/h3>\n\n\n\n<p>Talleres y procesos formativos para fortalecer expresi\u00f3n, creatividad y participaci\u00f3n infantil.<\/p>\n\n\n\n<h3 class=\"wp-block-heading\"><strong>Campa\u00f1as educativas y de sensibilizaci\u00f3n<\/strong><\/h3>\n\n\n\n<p>Dise\u00f1o de campa\u00f1as con enfoque pedag\u00f3gico para comunicar temas sociales, cient\u00edficos o medioambientales.<\/p>\n\n\n\n<h3 class=\"wp-block-heading\"><strong>Experiencias y activaciones educativas<\/strong><\/h3>\n\n\n\n<p>Dise\u00f1o y producci\u00f3n de actividades, eventos y formatos participativos para p\u00fablico infantil y familiar.<\/p>\n<\/div><\/div>\n\n\n\n<div style=\"height:100px\" aria-hidden=\"true\" class=\"wp-block-spacer\"><\/div>\n","protected":false},"excerpt":{"rendered":"<p>M\u00e1s de 30 a\u00f1os creando contenido para la ni\u00f1ez UPA naci\u00f3 el 19 de mayo de 1991 como una de[&#8230;]<\/p>\n","protected":false},"author":1,"featured_media":0,"parent":0,"menu_order":0,"comment_status":"closed","ping_status":"closed","template":"template-fullwidth.php","meta":{"_monsterinsights_skip_tracking":false,"_monsterinsights_sitenote_active":false,"_monsterinsights_sitenote_note":"","_monsterinsights_sitenote_category":0,"_vp_format_video_url":"","_vp_image_focal_point":[],"footnotes":""},"class_list":["post-855","page","type-page","status-publish","hentry"],"uagb_featured_image_src":{"full":false,"thumbnail":false,"medium":false,"medium_large":false,"large":false,"1536x1536":false,"2048x2048":false,"vp_sm":false,"vp_md":false,"vp_lg":false,"vp_xl":false,"vp_sm_popup":false,"vp_md_popup":false,"vp_xl_popup":false,"post-thumbnail":false,"poseidon-header-image":false,"poseidon-thumbnail-small":false,"poseidon-thumbnail-medium":false,"poseidon-thumbnail-large":false,"poseidon-thumbnail-single":false},"uagb_author_info":{"display_name":"juan","author_link":"https:\/\/www.radioupa.com.sv\/?author=1"},"uagb_comment_info":0,"uagb_excerpt":"M\u00e1s de 30 a\u00f1os creando contenido para la ni\u00f1ez UPA naci\u00f3 el 19 de mayo de 1991 como una de[...]","_links":{"self":[{"href":"https:\/\/www.radioupa.com.sv\/index.php?rest_route=\/wp\/v2\/pages\/855","targetHints":{"allow":["GET"]}}],"collection":[{"href":"https:\/\/www.radioupa.com.sv\/index.php?rest_route=\/wp\/v2\/pages"}],"about":[{"href":"https:\/\/www.radioupa.com.sv\/index.php?rest_route=\/wp\/v2\/types\/page"}],"author":[{"embeddable":true,"href":"https:\/\/www.radioupa.com.sv\/index.php?rest_route=\/wp\/v2\/users\/1"}],"replies":[{"embeddable":true,"href":"https:\/\/www.radioupa.com.sv\/index.php?rest_route=%2Fwp%2Fv2%2Fcomments&post=855"}],"version-history":[{"count":265,"href":"https:\/\/www.radioupa.com.sv\/index.php?rest_route=\/wp\/v2\/pages\/855\/revisions"}],"predecessor-version":[{"id":3016,"href":"https:\/\/www.radioupa.com.sv\/index.php?rest_route=\/wp\/v2\/pages\/855\/revisions\/3016"}],"wp:attachment":[{"href":"https:\/\/www.radioupa.com.sv\/index.php?rest_route=%2Fwp%2Fv2%2Fmedia&parent=855"}],"curies":[{"name":"wp","href":"https:\/\/api.w.org\/{rel}","templated":true}]}}