{"id":3028,"date":"2026-05-07T12:36:32","date_gmt":"2026-05-07T12:36:32","guid":{"rendered":"https:\/\/www.radioupa.com.sv\/?page_id=3028"},"modified":"2026-05-07T14:05:47","modified_gmt":"2026-05-07T14:05:47","slug":"principal","status":"publish","type":"page","link":"https:\/\/www.radioupa.com.sv\/","title":{"rendered":"PRINCIPAL"},"content":{"rendered":"\n<div class=\"wp-block-cover aligncenter\" style=\"min-height:323px;aspect-ratio:unset;\"><img loading=\"lazy\" decoding=\"async\" width=\"1024\" height=\"433\" class=\"wp-block-cover__image-background wp-image-3030 size-large\" alt=\"\" src=\"https:\/\/www.radioupa.com.sv\/wp-content\/uploads\/2026\/05\/SECCION-HERO-1-1024x433.png\" data-object-fit=\"cover\" srcset=\"https:\/\/www.radioupa.com.sv\/wp-content\/uploads\/2026\/05\/SECCION-HERO-1-1024x433.png 1024w, https:\/\/www.radioupa.com.sv\/wp-content\/uploads\/2026\/05\/SECCION-HERO-1-300x127.png 300w, https:\/\/www.radioupa.com.sv\/wp-content\/uploads\/2026\/05\/SECCION-HERO-1-768x325.png 768w, https:\/\/www.radioupa.com.sv\/wp-content\/uploads\/2026\/05\/SECCION-HERO-1-500x212.png 500w, https:\/\/www.radioupa.com.sv\/wp-content\/uploads\/2026\/05\/SECCION-HERO-1-800x339.png 800w, https:\/\/www.radioupa.com.sv\/wp-content\/uploads\/2026\/05\/SECCION-HERO-1-1280x542.png 1280w, https:\/\/www.radioupa.com.sv\/wp-content\/uploads\/2026\/05\/SECCION-HERO-1.png 1512w\" sizes=\"auto, (max-width: 1024px) 100vw, 1024px\" \/><span aria-hidden=\"true\" class=\"wp-block-cover__background has-background-dim\" style=\"background-color:#2d6dfb\"><\/span><div class=\"wp-block-cover__inner-container is-layout-constrained wp-block-cover-is-layout-constrained\">\n<div style=\"height:40px\" aria-hidden=\"true\" class=\"wp-block-spacer\"><\/div>\n\n\n\n<h2 class=\"titulo-principal\">CONTENIDO <span class=\"educativo\">EDUCATIVO<\/span><\/h2>\n\n\n\n<p class=\"has-text-align-center subtitulo\"><strong>que despierta la curiosidad y el pensamiento<\/strong><\/p>\n\n\n\n<div class=\"wp-block-buttons is-content-justification-center is-layout-flex wp-container-core-buttons-is-layout-16018d1d wp-block-buttons-is-layout-flex\">\n<div class=\"wp-block-button is-style-fill button-style1\"><a class=\"wp-block-button__link wp-element-button\" href=\"https:\/\/www.radioupa.com.sv\/?page_id=3103\">PROYECTOS<\/a><\/div>\n\n\n\n<div class=\"wp-block-button is-style-fill button-style2\"><a class=\"wp-block-button__link wp-element-button\" href=\"https:\/\/www.radioupa.com.sv\/?page_id=3103\">CONTENIDO<\/a><\/div>\n<\/div>\n<\/div><\/div>\n\n\n\n<div class=\"wp-block-cover section-radio-linea\"><span aria-hidden=\"true\" class=\"wp-block-cover__background has-background-dim-100 has-background-dim\"><\/span><div class=\"wp-block-cover__inner-container is-layout-constrained wp-block-cover-is-layout-constrained\">\n<div class=\"wp-block-columns is-layout-flex wp-container-core-columns-is-layout-9d6595d7 wp-block-columns-is-layout-flex\">\n<div class=\"wp-block-column is-layout-flow wp-block-column-is-layout-flow\">\n<h2 class=\"wp-block-heading\">RADIO EN LINEA<\/h2>\n<\/div>\n\n\n\n<div class=\"wp-block-column is-layout-flow wp-block-column-is-layout-flow\"><div class=\"radio_player\" data-player-type=\"shortcode\"data-data=\"eyJpZCI6MSwidGl0bGUiOiJQbGF5ZXIgVGl0bGUiLCJzdGlja3kiOmZhbHNlLCJzdGF0dXMiOnRydWUsInNraW4iOiJza2luMyIsInN0YXRpb25zIjpbeyJ0aXRsZSI6IlJhZGlvIFVQQSIsInN0cmVhbSI6Imh0dHBzOlwvXC9zdHJlYW1pbmcubXVuZG9jbGFzaWNhdXBhLmNvbVwvcmFkaW91cGEiLCJ0aHVtYm5haWwiOiIifV0sInBvcHVwX2ljb24iOmZhbHNlLCJwbGF5bGlzdF9pY29uIjpmYWxzZSwiaGlzdG9yeV9pY29uIjpmYWxzZSwidm9sdW1lX2NvbnRyb2wiOnRydWUsInBsYXllcl9zdGF0dXMiOnRydWUsInNob3dfYXJ0aXN0IjpmYWxzZSwic2hvd19hcnR3b3JrIjpmYWxzZSwicGxheWVyX3RleHQiOiJMaXN0ZW4gTGl2ZSIsIndpZHRoIjozMDAsIndpZHRoX21vYmlsZSI6MzAwLCJib3JkZXJfcmFkaXVzIjo1LCJiZ19jb2xvciI6IiNmNGY3ZjkiLCJiZ19pbWFnZSI6Imh0dHBzOlwvXC93d3cucmFkaW91cGEuY29tLnN2XC93b3JkcHJlc3NcL3dwLWNvbnRlbnRcL3BsdWdpbnNcL3JhZGlvLXBsYXllclwvYXNzZXRzXC9pbWFnZXNcL3BsYXllci1iZy5wbmciLCJiZ190eXBlIjoiY29sb3IiLCJjb2xvcl90eXBlIjoic29saWQiLCJ0ZXh0X2NvbG9yIjoiIzVDNjM3RSIsImJveF9zaGFkb3ciOmZhbHNlLCJib3hfc2hhZG93X2giOjAsImJveF9zaGFkb3dfdiI6MCwiYm94X3NoYWRvd19ibHVyIjowLCJib3hfc2hhZG93X3NwcmVhZCI6MCwiYm94X3NoYWRvd19jb2xvciI6InJnYmEoMCwgMCwgMCwgLjUpIiwiYm94X3NoYWRvd190eXBlIjoiIn0=\"><\/div>\n<\/div>\n\n\n\n<div class=\"wp-block-column is-layout-flow wp-block-column-is-layout-flow\"><\/div>\n<\/div>\n<\/div><\/div>\n\n\n\n<div style=\"height:20px\" aria-hidden=\"true\" class=\"wp-block-spacer\"><\/div>\n\n\n\n<div class=\"wp-block-columns red-ball-section is-layout-flex wp-container-core-columns-is-layout-9d6595d7 wp-block-columns-is-layout-flex\">\n<div class=\"wp-block-column red-ball-section-left is-layout-flow wp-block-column-is-layout-flow\" style=\"flex-basis:25%\">\n<figure class=\"wp-block-image size-medium\"><img loading=\"lazy\" decoding=\"async\" width=\"103\" height=\"300\" src=\"https:\/\/www.radioupa.com.sv\/wp-content\/uploads\/2026\/05\/Ellipse-1-103x300.png\" alt=\"\" class=\"wp-image-3032\" srcset=\"https:\/\/www.radioupa.com.sv\/wp-content\/uploads\/2026\/05\/Ellipse-1-103x300.png 103w, https:\/\/www.radioupa.com.sv\/wp-content\/uploads\/2026\/05\/Ellipse-1.png 178w\" sizes=\"auto, (max-width: 103px) 100vw, 103px\" \/><\/figure>\n<\/div>\n\n\n\n<div class=\"wp-block-column is-vertically-aligned-center red-ball-section-right is-layout-flow wp-block-column-is-layout-flow\" style=\"flex-basis:50%\">\n<h2 class=\"wp-block-heading has-secondary-color has-text-color has-link-color wp-elements-9e97820cfcf76d982eaf018038c50da4\"><strong>M\u00e1s de 30 a\u00f1os creando contenido para la ni\u00f1ez<\/strong><\/h2>\n\n\n\n<p>UPA naci\u00f3 el 19 de mayo de 1991 como una de las primeras radios en Am\u00e9rica Latina dedicadas a la ni\u00f1ez.<br>Desde entonces, hemos acompa\u00f1ado a generaciones de ni\u00f1os, ni\u00f1as y familias a trav\u00e9s de contenidos educativos, culturales y de entretenimiento, adapt\u00e1ndonos a cada nueva etapa de la comunicaci\u00f3n.<br>Hoy, UPA evoluciona hacia nuevos formatos digitales para seguir cumpliendo su misi\u00f3n en un entorno cambiante.<\/p>\n<\/div>\n<\/div>\n\n\n\n<div style=\"height:20px\" aria-hidden=\"true\" class=\"wp-block-spacer\"><\/div>\n\n\n\n<div class=\"wp-block-cover aligncenter is-light green-section\"><img loading=\"lazy\" decoding=\"async\" width=\"1024\" height=\"341\" class=\"wp-block-cover__image-background wp-image-3042 size-large\" alt=\"\" src=\"https:\/\/www.radioupa.com.sv\/wp-content\/uploads\/2026\/05\/SECCION-VERDE-1-1024x341.png\" data-object-fit=\"cover\" srcset=\"https:\/\/www.radioupa.com.sv\/wp-content\/uploads\/2026\/05\/SECCION-VERDE-1-1024x341.png 1024w, https:\/\/www.radioupa.com.sv\/wp-content\/uploads\/2026\/05\/SECCION-VERDE-1-300x100.png 300w, https:\/\/www.radioupa.com.sv\/wp-content\/uploads\/2026\/05\/SECCION-VERDE-1-768x255.png 768w, https:\/\/www.radioupa.com.sv\/wp-content\/uploads\/2026\/05\/SECCION-VERDE-1-500x166.png 500w, https:\/\/www.radioupa.com.sv\/wp-content\/uploads\/2026\/05\/SECCION-VERDE-1-800x266.png 800w, https:\/\/www.radioupa.com.sv\/wp-content\/uploads\/2026\/05\/SECCION-VERDE-1-1280x426.png 1280w, https:\/\/www.radioupa.com.sv\/wp-content\/uploads\/2026\/05\/SECCION-VERDE-1.png 1512w\" sizes=\"auto, (max-width: 1024px) 100vw, 1024px\" \/><span aria-hidden=\"true\" class=\"wp-block-cover__background has-background-dim-0 has-background-dim\" style=\"background-color:#30be70\"><\/span><div class=\"wp-block-cover__inner-container is-layout-constrained wp-block-cover-is-layout-constrained\">\n<p class=\"has-text-align-center has-white-color has-text-color has-link-color has-large-font-size wp-elements-398d851661d5a494b1b54d82a4ebc572\">De la radio educativa a la alfabetizaci\u00f3n digital<\/p>\n<\/div><\/div>\n\n\n\n<div class=\"wp-block-cover aligncenter is-light\"><img loading=\"lazy\" decoding=\"async\" width=\"1024\" height=\"565\" class=\"wp-block-cover__image-background wp-image-3033 size-large\" alt=\"\" src=\"https:\/\/www.radioupa.com.sv\/wp-content\/uploads\/2026\/05\/CARDS-SECTION-1024x565.png\" data-object-fit=\"cover\" srcset=\"https:\/\/www.radioupa.com.sv\/wp-content\/uploads\/2026\/05\/CARDS-SECTION-1024x565.png 1024w, https:\/\/www.radioupa.com.sv\/wp-content\/uploads\/2026\/05\/CARDS-SECTION-300x165.png 300w, https:\/\/www.radioupa.com.sv\/wp-content\/uploads\/2026\/05\/CARDS-SECTION-768x424.png 768w, https:\/\/www.radioupa.com.sv\/wp-content\/uploads\/2026\/05\/CARDS-SECTION-1536x847.png 1536w, https:\/\/www.radioupa.com.sv\/wp-content\/uploads\/2026\/05\/CARDS-SECTION-500x276.png 500w, https:\/\/www.radioupa.com.sv\/wp-content\/uploads\/2026\/05\/CARDS-SECTION-800x441.png 800w, https:\/\/www.radioupa.com.sv\/wp-content\/uploads\/2026\/05\/CARDS-SECTION-1280x706.png 1280w, https:\/\/www.radioupa.com.sv\/wp-content\/uploads\/2026\/05\/CARDS-SECTION.png 1659w\" sizes=\"auto, (max-width: 1024px) 100vw, 1024px\" \/><span aria-hidden=\"true\" class=\"wp-block-cover__background has-background-dim-0 has-background-dim\" style=\"background-color:#fffcf8\"><\/span><div class=\"wp-block-cover__inner-container is-layout-constrained wp-block-cover-is-layout-constrained\">\n<div style=\"height:20px\" aria-hidden=\"true\" class=\"wp-block-spacer\"><\/div>\n\n\n\n<h2 class=\"wp-block-heading has-accent-color has-text-color has-link-color wp-elements-d89b1612637e8e586174ab8064915ff5\">El problema actual<\/h2>\n\n\n\n<div class=\"wp-block-columns is-layout-flex wp-container-core-columns-is-layout-9d6595d7 wp-block-columns-is-layout-flex\">\n<div class=\"wp-block-column card is-layout-flow wp-block-column-is-layout-flow\">\n<h4 class=\"wp-block-heading card-title\"><strong>SOBRECARGA DE INFORMACI\u00d3N<\/strong><\/h4>\n\n\n\n<p class=\"card-text\">Los ni\u00f1os est\u00e1n expuestos a un volumen de contenido sin precedentes cada d\u00eda.<\/p>\n\n\n\n<div style=\"height:20px\" aria-hidden=\"true\" class=\"wp-block-spacer\"><\/div>\n<\/div>\n\n\n\n<div class=\"wp-block-column card is-layout-flow wp-block-column-is-layout-flow\">\n<h4 class=\"wp-block-heading card-title\"><strong><strong>CICLOS DE ATENCI\u00d3N CORTOS<\/strong><\/strong><\/h4>\n\n\n\n<p class=\"card-text\">Los formatos de contenido est\u00e1n optimizados para la velocidad, no para la comprensi\u00f3n.<\/p>\n\n\n\n<div style=\"height:20px\" aria-hidden=\"true\" class=\"wp-block-spacer\"><\/div>\n<\/div>\n\n\n\n<div class=\"wp-block-column card is-layout-flow wp-block-column-is-layout-flow\">\n<h4 class=\"wp-block-heading card-title\"><strong><strong>INFLUENCIA ALGOR\u00cdTMICA<\/strong><\/strong><\/h4>\n\n\n\n<p class=\"card-text\">Lo que los ni\u00f1os ven est\u00e1 moldeado por sistemas de recomendaci\u00f3n opacos.<\/p>\n\n\n\n<div style=\"height:20px\" aria-hidden=\"true\" class=\"wp-block-spacer\"><\/div>\n<\/div>\n<\/div>\n\n\n\n<div style=\"height:20px\" aria-hidden=\"true\" class=\"wp-block-spacer\"><\/div>\n\n\n\n<div class=\"wp-block-columns is-layout-flex wp-container-core-columns-is-layout-9d6595d7 wp-block-columns-is-layout-flex\">\n<div class=\"wp-block-column card is-layout-flow wp-block-column-is-layout-flow\">\n<h4 class=\"wp-block-heading card-title\"><strong><strong>EXPOSICI\u00d3N A LA DESINFORMACI\u00d3N<\/strong><\/strong><\/h4>\n\n\n\n<p class=\"card-text\">La informaci\u00f3n falsa o enga\u00f1osa se propaga f\u00e1cilmente entre plataformas.<\/p>\n\n\n\n<div style=\"height:20px\" aria-hidden=\"true\" class=\"wp-block-spacer\"><\/div>\n<\/div>\n\n\n\n<div class=\"wp-block-column card is-layout-flow wp-block-column-is-layout-flow\">\n<h4 class=\"wp-block-heading card-title\"><strong><strong>CONSUMO PASIVO<\/strong><\/strong><\/h4>\n\n\n\n<p class=\"card-text\">La mayor\u00eda de las plataformas fomentan el consumo, no el pensamiento cr\u00edtico.<\/p>\n\n\n\n<div style=\"height:20px\" aria-hidden=\"true\" class=\"wp-block-spacer\"><\/div>\n<\/div>\n\n\n\n<div class=\"wp-block-column card is-layout-flow wp-block-column-is-layout-flow\">\n<h4 class=\"wp-block-heading card-title\"><strong><strong>FALTA DE ADAPTACI\u00d3N EDUCATIVA<\/strong><\/strong><\/h4>\n\n\n\n<p class=\"card-text\">Los formatos educativos tradicionales no est\u00e1n dise\u00f1ados para entornos digitales.<\/p>\n\n\n\n<div style=\"height:20px\" aria-hidden=\"true\" class=\"wp-block-spacer\"><\/div>\n<\/div>\n<\/div>\n<\/div><\/div>\n\n\n\n<div style=\"height:40px\" aria-hidden=\"true\" class=\"wp-block-spacer\"><\/div>\n\n\n\n<div class=\"wp-block-cover aligncenter\"><img loading=\"lazy\" decoding=\"async\" width=\"1024\" height=\"819\" class=\"wp-block-cover__image-background wp-image-3041 size-large\" alt=\"\" src=\"https:\/\/www.radioupa.com.sv\/wp-content\/uploads\/2026\/05\/SECCION-NUESTRO-CONTENIDO-1-1024x819.png\" data-object-fit=\"cover\" srcset=\"https:\/\/www.radioupa.com.sv\/wp-content\/uploads\/2026\/05\/SECCION-NUESTRO-CONTENIDO-1-1024x819.png 1024w, https:\/\/www.radioupa.com.sv\/wp-content\/uploads\/2026\/05\/SECCION-NUESTRO-CONTENIDO-1-300x240.png 300w, https:\/\/www.radioupa.com.sv\/wp-content\/uploads\/2026\/05\/SECCION-NUESTRO-CONTENIDO-1-768x615.png 768w, https:\/\/www.radioupa.com.sv\/wp-content\/uploads\/2026\/05\/SECCION-NUESTRO-CONTENIDO-1-500x400.png 500w, https:\/\/www.radioupa.com.sv\/wp-content\/uploads\/2026\/05\/SECCION-NUESTRO-CONTENIDO-1-800x640.png 800w, https:\/\/www.radioupa.com.sv\/wp-content\/uploads\/2026\/05\/SECCION-NUESTRO-CONTENIDO-1-1280x1024.png 1280w, https:\/\/www.radioupa.com.sv\/wp-content\/uploads\/2026\/05\/SECCION-NUESTRO-CONTENIDO-1.png 1512w\" sizes=\"auto, (max-width: 1024px) 100vw, 1024px\" \/><span aria-hidden=\"true\" class=\"wp-block-cover__background has-background-dim-0 has-background-dim\" style=\"background-color:#2a6bfd\"><\/span><div class=\"wp-block-cover__inner-container is-layout-constrained wp-block-cover-is-layout-constrained\">\n<div style=\"height:40px\" aria-hidden=\"true\" class=\"wp-block-spacer\"><\/div>\n\n\n\n<div class=\"wp-block-columns is-layout-flex wp-container-core-columns-is-layout-9d6595d7 wp-block-columns-is-layout-flex\">\n<div class=\"wp-block-column is-layout-flow wp-block-column-is-layout-flow\">\n<h2 class=\"wp-block-heading card-title-type2\"><strong>Producci\u00f3n de contenido educativo<\/strong><\/h2>\n\n\n\n<p class=\"card-text-type2\">Gui\u00f3n, locuci\u00f3n, edici\u00f3n y adaptaci\u00f3n de contenidos para radio, digital y redes sociales.<\/p>\n\n\n\n<div style=\"height:20px\" aria-hidden=\"true\" class=\"wp-block-spacer\"><\/div>\n<\/div>\n\n\n\n<div class=\"wp-block-column is-layout-flow wp-block-column-is-layout-flow\">\n<h2 class=\"wp-block-heading card-title-type2\"><strong><strong>Capacitaciones en comunicaci\u00f3n para la ni\u00f1ez<\/strong><\/strong><\/h2>\n\n\n\n<p class=\"card-text-type2\">Talleres y procesos formativos para fortalecer expresi\u00f3n, creatividad y participaci\u00f3n infantil.<\/p>\n\n\n\n<div style=\"height:20px\" aria-hidden=\"true\" class=\"wp-block-spacer\"><\/div>\n<\/div>\n<\/div>\n\n\n\n<div style=\"height:20px\" aria-hidden=\"true\" class=\"wp-block-spacer\"><\/div>\n\n\n\n<div class=\"wp-block-columns is-layout-flex wp-container-core-columns-is-layout-9d6595d7 wp-block-columns-is-layout-flex\">\n<div class=\"wp-block-column is-layout-flow wp-block-column-is-layout-flow\">\n<h2 class=\"wp-block-heading card-title-type2\"><strong><strong>Campa\u00f1as educativas y de sensibilizaci\u00f3n<\/strong><\/strong><\/h2>\n\n\n\n<p class=\"card-text-type2\">Dise\u00f1o de campa\u00f1as con enfoque pedag\u00f3gico para comunicar temas sociales, cient\u00edficos o medioambientales.<\/p>\n\n\n\n<div style=\"height:20px\" aria-hidden=\"true\" class=\"wp-block-spacer\"><\/div>\n<\/div>\n\n\n\n<div class=\"wp-block-column is-layout-flow wp-block-column-is-layout-flow\">\n<h2 class=\"wp-block-heading card-title-type2\"><strong><strong><strong>Experiencias y activaciones educativas<\/strong><\/strong><\/strong><\/h2>\n\n\n\n<p class=\"card-text-type2\">Dise\u00f1o y producci\u00f3n de actividades, eventos y formatos participativos para p\u00fablico infantil y familiar.<\/p>\n\n\n\n<div style=\"height:20px\" aria-hidden=\"true\" class=\"wp-block-spacer\"><\/div>\n<\/div>\n<\/div>\n\n\n\n<div style=\"height:40px\" aria-hidden=\"true\" class=\"wp-block-spacer\"><\/div>\n<\/div><\/div>\n","protected":false},"excerpt":{"rendered":"<p>M\u00e1s de 30 a\u00f1os creando contenido para la ni\u00f1ez UPA naci\u00f3 el 19 de mayo de 1991 como una de[&#8230;]<\/p>\n","protected":false},"author":1,"featured_media":0,"parent":0,"menu_order":0,"comment_status":"closed","ping_status":"closed","template":"","meta":{"_monsterinsights_skip_tracking":false,"_monsterinsights_sitenote_active":false,"_monsterinsights_sitenote_note":"","_monsterinsights_sitenote_category":0,"_vp_format_video_url":"","_vp_image_focal_point":[],"footnotes":""},"class_list":["post-3028","page","type-page","status-publish","hentry"],"uagb_featured_image_src":{"full":false,"thumbnail":false,"medium":false,"medium_large":false,"large":false,"1536x1536":false,"2048x2048":false,"vp_sm":false,"vp_md":false,"vp_lg":false,"vp_xl":false,"vp_sm_popup":false,"vp_md_popup":false,"vp_xl_popup":false,"post-thumbnail":false,"poseidon-header-image":false,"poseidon-thumbnail-small":false,"poseidon-thumbnail-medium":false,"poseidon-thumbnail-large":false,"poseidon-thumbnail-single":false},"uagb_author_info":{"display_name":"juan","author_link":"https:\/\/www.radioupa.com.sv\/?author=1"},"uagb_comment_info":0,"uagb_excerpt":"M\u00e1s de 30 a\u00f1os creando contenido para la ni\u00f1ez UPA naci\u00f3 el 19 de mayo de 1991 como una de[...]","_links":{"self":[{"href":"https:\/\/www.radioupa.com.sv\/index.php?rest_route=\/wp\/v2\/pages\/3028","targetHints":{"allow":["GET"]}}],"collection":[{"href":"https:\/\/www.radioupa.com.sv\/index.php?rest_route=\/wp\/v2\/pages"}],"about":[{"href":"https:\/\/www.radioupa.com.sv\/index.php?rest_route=\/wp\/v2\/types\/page"}],"author":[{"embeddable":true,"href":"https:\/\/www.radioupa.com.sv\/index.php?rest_route=\/wp\/v2\/users\/1"}],"replies":[{"embeddable":true,"href":"https:\/\/www.radioupa.com.sv\/index.php?rest_route=%2Fwp%2Fv2%2Fcomments&post=3028"}],"version-history":[{"count":36,"href":"https:\/\/www.radioupa.com.sv\/index.php?rest_route=\/wp\/v2\/pages\/3028\/revisions"}],"predecessor-version":[{"id":3115,"href":"https:\/\/www.radioupa.com.sv\/index.php?rest_route=\/wp\/v2\/pages\/3028\/revisions\/3115"}],"wp:attachment":[{"href":"https:\/\/www.radioupa.com.sv\/index.php?rest_route=%2Fwp%2Fv2%2Fmedia&parent=3028"}],"curies":[{"name":"wp","href":"https:\/\/api.w.org\/{rel}","templated":true}]}}