{"id":2551,"date":"2020-12-07T16:07:23","date_gmt":"2020-12-07T16:07:23","guid":{"rendered":"http:\/\/exp.radioclasica.com.sv\/wordpress\/?page_id=2551"},"modified":"2026-03-31T13:27:45","modified_gmt":"2026-03-31T13:27:45","slug":"quienes-somos","status":"publish","type":"page","link":"https:\/\/www.radioupa.com.sv\/?page_id=2551","title":{"rendered":"Quienes Somos"},"content":{"rendered":"\n<div class=\"wp-block-cover aligncenter has-parallax\" style=\"min-height:426px;aspect-ratio:unset;\"><div class=\"wp-block-cover__image-background wp-image-2941 size-full has-parallax\" style=\"background-position:50% 50%;background-image:url(https:\/\/www.radioupa.com.sv\/wp-content\/uploads\/2026\/03\/BACKGROUND-3.png)\"><\/div><span aria-hidden=\"true\" class=\"wp-block-cover__background has-light-green-cyan-background-color has-background-dim-0 has-background-dim\"><\/span><div class=\"wp-block-cover__inner-container is-layout-flow wp-block-cover-is-layout-flow\">\n<h2 class=\"wp-block-heading has-text-align-center\"><strong><br><strong>Quienes somos<\/strong><\/strong><\/h2>\n\n\n\n<p class=\"has-text-align-center\">M\u00e1s de 30 a\u00f1os creando contenido educativo y cultural para la ni\u00f1ez en El Salvador.<\/p>\n<\/div><\/div>\n\n\n\n<div class=\"wp-block-group bloque-contenido-pagina\"><div class=\"wp-block-group__inner-container is-layout-constrained wp-block-group-is-layout-constrained\">\n<h2 class=\"wp-block-heading\"><strong>M\u00e1s de 30 a\u00f1os trabajando por la ni\u00f1ez<\/strong><\/h2>\n\n\n\n<p>UPA naci\u00f3 el 19 de mayo de 1991 como una iniciativa pionera en Am\u00e9rica Latina: una radio dedicada 100% a la ni\u00f1ez.<\/p>\n\n\n\n<p>Desde entonces, hemos acompa\u00f1ado a distintas generaciones de ni\u00f1os, ni\u00f1as y familias a trav\u00e9s de contenidos educativos, culturales y de entretenimiento, evolucionando con cada etapa de la comunicaci\u00f3n.<\/p>\n\n\n\n<p>Hoy, UPA se proyecta hacia nuevos formatos digitales, manteniendo su compromiso con la ni\u00f1ez en un entorno cada vez m\u00e1s complejo.<\/p>\n<\/div><\/div>\n\n\n\n<div class=\"wp-block-group bloque-contenido-pagina\"><div class=\"wp-block-group__inner-container is-layout-constrained wp-block-group-is-layout-constrained\">\n<div class=\"wp-block-columns is-layout-flex wp-container-core-columns-is-layout-9d6595d7 wp-block-columns-is-layout-flex\">\n<div class=\"wp-block-column is-layout-flow wp-block-column-is-layout-flow\" style=\"flex-basis:50%\">\n<h3 class=\"wp-block-heading\">Nuestra Misi\u00f3n<\/h3>\n\n\n\n<p>Ser un espacio de expresi\u00f3n y desarrollo para la ni\u00f1ez, promoviendo su participaci\u00f3n, sus derechos y su voz en la sociedad<\/p>\n<\/div>\n\n\n\n<div class=\"wp-block-column is-layout-flow wp-block-column-is-layout-flow\" style=\"flex-basis:50%\">\n<h3 class=\"wp-block-heading\">Nuestra Visi\u00f3n<\/h3>\n\n\n\n<p>Contribuir a una sociedad que valore, respete y escuche a la ni\u00f1ez.<\/p>\n<\/div>\n<\/div>\n\n\n\n<h2 class=\"wp-block-heading\"><strong>Nuestro enfoque<\/strong><\/h2>\n\n\n\n<p>Nuestro trabajo se basa en principios que orientan la creaci\u00f3n de contenido y nuestras colaboraciones:<br>&#8211; Participaci\u00f3n activa de ni\u00f1as, ni\u00f1os y adolescentes<br>&#8211; Respeto, inclusi\u00f3n y equidad<br>&#8211; Promoci\u00f3n de una cultura de paz<br>&#8211; Valoraci\u00f3n de la identidad cultural<br>&#8211; Compromiso con la educaci\u00f3n y el desarrollo social<\/p>\n\n\n\n<h2 class=\"wp-block-heading\">Que hacemos<\/h2>\n\n\n\n<p>Desarrollamos contenidos, formatos y experiencias educativas dirigidas a ni\u00f1os, familias e instituciones.<br><br>Trabajamos a trav\u00e9s de la producci\u00f3n audiovisual, la radio, el contenido digital y proyectos colaborativos con organizaciones comprometidas con la ni\u00f1ez.<\/p>\n\n\n\n<h2 class=\"wp-block-heading\">Audiencia<\/h2>\n\n\n\n<p>En Radio Upa constantemente se reciben llamadas de ni\u00f1os y ni\u00f1as que expresan sus sentimientos. Los adultos no se quedan atr\u00e1s, ellos manifiestan la experiencia que han tenido con sus hijos, en ocasiones exponen lo agradecidos que est\u00e1n con la Radio por la excelente labor que a cada minuto y todos los d\u00edas su staff realiza.<\/p>\n\n\n\n<h2 class=\"wp-block-heading\"><strong>Trayectoria y reconocimientos<\/strong><\/h2>\n\n\n\n<p>A lo largo de su historia, UPA ha sido reconocida por su contribuci\u00f3n a la educaci\u00f3n, la cultura y la comunicaci\u00f3n para la ni\u00f1ez.<\/p>\n\n\n\n<p>Entre los reconocimientos m\u00e1s destacados:<\/p>\n\n\n\n<ul class=\"wp-block-list\">\n<li>Premio Nacional de Medio Ambiente (2005)<\/li>\n\n\n\n<li>Premios UNICEF en comunicaci\u00f3n y ni\u00f1ez<\/li>\n\n\n\n<li>Premio de Ciencia y Tecnolog\u00eda (CONACYT)<\/li>\n\n\n\n<li>Premios de periodismo ambiental (MARN)<\/li>\n<\/ul>\n\n\n\n<div style=\"height:20px\" aria-hidden=\"true\" class=\"wp-block-spacer\"><\/div>\n<\/div><\/div>\n","protected":false},"excerpt":{"rendered":"<p>M\u00e1s de 30 a\u00f1os trabajando por la ni\u00f1ez UPA naci\u00f3 el 19 de mayo de 1991 como una iniciativa pionera[&#8230;]<\/p>\n","protected":false},"author":1,"featured_media":0,"parent":0,"menu_order":0,"comment_status":"closed","ping_status":"closed","template":"template-fullwidth.php","meta":{"_monsterinsights_skip_tracking":false,"_monsterinsights_sitenote_active":false,"_monsterinsights_sitenote_note":"","_monsterinsights_sitenote_category":0,"_vp_format_video_url":"","_vp_image_focal_point":[],"footnotes":""},"class_list":["post-2551","page","type-page","status-publish","hentry"],"uagb_featured_image_src":{"full":false,"thumbnail":false,"medium":false,"medium_large":false,"large":false,"1536x1536":false,"2048x2048":false,"vp_sm":false,"vp_md":false,"vp_lg":false,"vp_xl":false,"vp_sm_popup":false,"vp_md_popup":false,"vp_xl_popup":false,"post-thumbnail":false,"poseidon-header-image":false,"poseidon-thumbnail-small":false,"poseidon-thumbnail-medium":false,"poseidon-thumbnail-large":false,"poseidon-thumbnail-single":false},"uagb_author_info":{"display_name":"juan","author_link":"https:\/\/www.radioupa.com.sv\/?author=1"},"uagb_comment_info":0,"uagb_excerpt":"M\u00e1s de 30 a\u00f1os trabajando por la ni\u00f1ez UPA naci\u00f3 el 19 de mayo de 1991 como una iniciativa pionera[...]","_links":{"self":[{"href":"https:\/\/www.radioupa.com.sv\/index.php?rest_route=\/wp\/v2\/pages\/2551","targetHints":{"allow":["GET"]}}],"collection":[{"href":"https:\/\/www.radioupa.com.sv\/index.php?rest_route=\/wp\/v2\/pages"}],"about":[{"href":"https:\/\/www.radioupa.com.sv\/index.php?rest_route=\/wp\/v2\/types\/page"}],"author":[{"embeddable":true,"href":"https:\/\/www.radioupa.com.sv\/index.php?rest_route=\/wp\/v2\/users\/1"}],"replies":[{"embeddable":true,"href":"https:\/\/www.radioupa.com.sv\/index.php?rest_route=%2Fwp%2Fv2%2Fcomments&post=2551"}],"version-history":[{"count":111,"href":"https:\/\/www.radioupa.com.sv\/index.php?rest_route=\/wp\/v2\/pages\/2551\/revisions"}],"predecessor-version":[{"id":3019,"href":"https:\/\/www.radioupa.com.sv\/index.php?rest_route=\/wp\/v2\/pages\/2551\/revisions\/3019"}],"wp:attachment":[{"href":"https:\/\/www.radioupa.com.sv\/index.php?rest_route=%2Fwp%2Fv2%2Fmedia&parent=2551"}],"curies":[{"name":"wp","href":"https:\/\/api.w.org\/{rel}","templated":true}]}}